{"id":37,"date":"2011-01-30T00:06:50","date_gmt":"2011-01-30T00:06:50","guid":{"rendered":"http:\/\/neoplano.trailsmultimedia.com\/pt\/?page_id=37"},"modified":"2013-03-12T02:30:20","modified_gmt":"2013-03-12T02:30:20","slug":"info","status":"publish","type":"page","link":"https:\/\/neoplano.com\/?page_id=37","title":{"rendered":"Atelier"},"content":{"rendered":"<div class=\"column  wpb_text_column one-fourth\"><div class=\"wpb_wrapper\">\n<h2>Welcome<\/h2>\n<\/div><\/div> <div class=\"column  wpb_text_column three-fourth last\"><div class=\"wpb_wrapper\">\n<p>A NEOPLANO Fiscaliza\u00e7\u00e3o, Lda (NPF) resultou da autonomiza\u00e7\u00e3o do departamento de fiscaliza\u00e7\u00e3o da NEOPLANO e, em fun\u00e7\u00e3o do seu desenvolvimento recente, est\u00e1 actualmente vocacionada para a presta\u00e7\u00e3o de servi\u00e7os de estudos, projectos, <em>procurement<\/em>, gest\u00e3o e fiscaliza\u00e7\u00e3o de obras particulares e p\u00fablicas.<\/p>\n<\/div><\/div> <div class=\"vc_clear\"><\/div> <div class=\"wpb_separator\"><\/div> <div class=\"column  wpb_text_column one-fourth\"><div class=\"wpb_wrapper\">\n<h2>Organiza\u00e7\u00e3o<\/h2>\n<\/div><\/div> <div class=\"column  wpb_text_column three-fourth last\"><div class=\"wpb_wrapper\">\n<p>A NPF \u00e9 constitu\u00edda por uma equipa multidisciplinar, regularmente refor\u00e7ada com o contributo de licenciados especializados nas disciplinas de engenharia civil, mec\u00e2nica, electrot\u00e9cnica, paisagismo e ambiente.<\/p>\n<\/div><\/div> <div class=\"vc_clear\"><\/div> <div class=\"wpb_separator\"><\/div> <div class=\"column  wpb_text_column one-fourth\"><div class=\"wpb_wrapper\">\n<h2>Expertise<\/h2>\n<\/div><\/div> <div class=\"column  wpb_text_column three-fourth last\"><div class=\"wpb_wrapper\">\n<p>A sua actua\u00e7\u00e3o beneficia assim do vasto curr\u00edculo e experi\u00eancia profissional acumulados ao longo de quase 40 anos.<\/p>\n<\/div><\/div> <div class=\"vc_clear\"><\/div> <div class=\"wpb_separator\"><\/div> <div class=\"column  wpb_text_column one-fourth\"><div class=\"wpb_wrapper\">\n<h2>Filosofia<\/h2>\n<\/div><\/div> <div class=\"column  wpb_text_column three-fourth last\"><div class=\"wpb_wrapper\">\n<p>A realiza\u00e7\u00e3o dos nossos trabalhos baseia-se no conceito de MAIS, MELHOR, NO PRAZO (<em>More, better, in time<\/em>).<\/p>\n<p>Procuramos a permanente satisfa\u00e7\u00e3o dos nossos clientes atrav\u00e9s de uma actua\u00e7\u00e3o simultaneamente profissional, respons\u00e1vel e sustent\u00e1vel, aberta \u00e0 inova\u00e7\u00e3o di\u00e1ria.<\/p>\n<\/div><\/div> <div class=\"vc_clear\"><\/div> <div class=\"wpb_separator\"><\/div> <div class=\"column  wpb_text_column one-fourth\"><div class=\"wpb_wrapper\">\n<h2>Parceiros &amp; Colaboradores<\/h2>\n<\/div><\/div> <div class=\"wpb_gallery one-fourth\"><div class=\"wpb_gallery_slides wpb_slider_fading\"><img loading=\"lazy\" decoding=\"async\" src=\"https:\/\/neoplano.com\/wp-content\/uploads\/2012\/01\/ml_logo-100x100.png\" alt=\"\" width=\"100\" height=\"100\" \/><\/div><\/div> <div class=\"column  wpb_text_column one-half last\"><div class=\"wpb_wrapper\">\n<p>M\u00e3o Livre Design | <a title=\"M\u00e3o Livre Design\" href=\"http:\/\/www.maolivre.com\" target=\"_blank\">www.maolivre.com<\/a><\/p>\n<\/div><\/div> <div class=\"vc_clear\"><\/div> <div class=\"wpb_separator\"><\/div> <div class=\"column  wpb_text_column one-fourth\"><div class=\"wpb_wrapper\"> <\/div><\/div> <div class=\"wpb_gallery one-fourth\"><div class=\"wpb_gallery_slides wpb_slider_fading\"><img loading=\"lazy\" decoding=\"async\" src=\"https:\/\/neoplano.com\/wp-content\/uploads\/2012\/01\/hetc_logo-100x100.png\" alt=\"\" width=\"100\" height=\"100\" \/><\/div><\/div> <div class=\"column  wpb_text_column one-half last\"><div class=\"wpb_wrapper\">\n<p>HETC | Engineering Consultant | <a title=\"HETC\" href=\"http:\/\/www.hetc.pt\" target=\"_blank\">www.hetc.pt<\/a><\/p>\n<\/div><\/div> <div class=\"vc_clear\"><\/div> <div class=\"wpb_separator\"><\/div> <div class=\"column  wpb_text_column one-fourth\"><div class=\"wpb_wrapper\">\n<h2>Clientes<\/h2>\n<\/div><\/div> <div class=\"column  wpb_text_column three-fourth last\"><div class=\"wpb_wrapper\">\n<p><a href=\"http:\/\/neoplano.trailsmultimedia.com\/pt\/wp-content\/uploads\/2012\/04\/NPFWEB-CLIENTES-LOGOS2.png\"><img loading=\"lazy\" decoding=\"async\" class=\"alignleft size-full wp-image-712\" title=\"\" src=\"http:\/\/neoplano.trailsmultimedia.com\/pt\/wp-content\/uploads\/2012\/04\/NPFWEB-CLIENTES-LOGOS2.png\" alt=\"Clientes\" width=\"520\" height=\"575\" srcset=\"https:\/\/neoplano.com\/wp-content\/uploads\/2012\/04\/NPFWEB-CLIENTES-LOGOS2.png 520w, https:\/\/neoplano.com\/wp-content\/uploads\/2012\/04\/NPFWEB-CLIENTES-LOGOS2-271x300.png 271w\" sizes=\"(max-width: 520px) 100vw, 520px\" \/><\/a><\/p>\n<\/div><\/div> <div class=\"vc_clear\"><\/div> <div class=\"wpb_separator\"><\/div> <div class=\"column  wpb_text_column full-width last\"><div class=\"wpb_wrapper\">\n<h1>Curriculum<\/h1>\n<\/div><\/div> <div class=\"vc_clear\"><\/div> <div class=\"wpb_call_to_action cta_align_right\"><a class=\"wpb_button none button_red\" href=\"http:\/\/neoplano.trailsmultimedia.com\/docs\/NEOPLANOFiscalizacao_CV.pdf\" title=\"Download\"  target=\"_blank\">Download<\/a><h2 class=\"wpb_call_text\">Fa\u00e7a aqui o download do nosso curriculum (PDF).<\/h2><div class=\"vc_clear\"><\/div><\/div> <div class=\"wpb_separator\"><\/div><\/p>\n","protected":false},"excerpt":{"rendered":"","protected":false},"author":1,"featured_media":0,"parent":0,"menu_order":0,"comment_status":"closed","ping_status":"closed","template":"","meta":{"footnotes":""},"class_list":["post-37","page","type-page","status-publish","hentry"],"_links":{"self":[{"href":"https:\/\/neoplano.com\/index.php?rest_route=\/wp\/v2\/pages\/37"}],"collection":[{"href":"https:\/\/neoplano.com\/index.php?rest_route=\/wp\/v2\/pages"}],"about":[{"href":"https:\/\/neoplano.com\/index.php?rest_route=\/wp\/v2\/types\/page"}],"author":[{"embeddable":true,"href":"https:\/\/neoplano.com\/index.php?rest_route=\/wp\/v2\/users\/1"}],"replies":[{"embeddable":true,"href":"https:\/\/neoplano.com\/index.php?rest_route=%2Fwp%2Fv2%2Fcomments&post=37"}],"version-history":[{"count":33,"href":"https:\/\/neoplano.com\/index.php?rest_route=\/wp\/v2\/pages\/37\/revisions"}],"predecessor-version":[{"id":833,"href":"https:\/\/neoplano.com\/index.php?rest_route=\/wp\/v2\/pages\/37\/revisions\/833"}],"wp:attachment":[{"href":"https:\/\/neoplano.com\/index.php?rest_route=%2Fwp%2Fv2%2Fmedia&parent=37"}],"curies":[{"name":"wp","href":"https:\/\/api.w.org\/{rel}","templated":true}]}}