{"id":171,"date":"2011-10-30T11:53:11","date_gmt":"2011-10-30T11:53:11","guid":{"rendered":"http:\/\/demo.wpbakery.com\/architectos\/?page_id=22"},"modified":"2012-03-26T01:10:58","modified_gmt":"2012-03-26T01:10:58","slug":"contacts","status":"publish","type":"page","link":"https:\/\/neoplano.com\/?page_id=171","title":{"rendered":"Contactos"},"content":{"rendered":"<p><div class=\"column column_container eq_id_1 two-third\"><div class=\"wpb_wrapper\"> <div class=\"column  wpb_text_column full-width last\"><div class=\"wpb_wrapper\">\n<h2>Mapa<\/h2>\n<p><a title=\"NEOPLANO Fiscaliza\u00e7\u00e3o, Lda\" href=\"http:\/\/maps.google.pt\/maps\/place?q=Rua+Ant%C3%B3nio+Maria+Cardoso+25,+Lisboa&amp;hl=pt-PT&amp;ie=UTF8&amp;ftid=0xd19347e897a6c01:0x9ae2554b214f51bc\" target=\"_blank\"><img loading=\"lazy\" decoding=\"async\" width=\"469\" height=\"225\" class=\"alignnone  wp-image-166\" title=\"Localiza\u00e7\u00e3o da NEOPLANO\" src=\"http:\/\/neoplano.trailsmultimedia.com\/pt\/wp-content\/uploads\/2011\/10\/map.jpg\" alt=\"\" srcset=\"https:\/\/neoplano.com\/wp-content\/uploads\/2011\/10\/map.jpg 469w, https:\/\/neoplano.com\/wp-content\/uploads\/2011\/10\/map-300x143.jpg 300w\" sizes=\"(max-width: 469px) 100vw, 469px\" \/><\/a><\/p>\n<\/div><\/div> <div class=\"vc_clear\"><\/div> <div class=\"column  wpb_text_column full-width last\"><div class=\"wpb_wrapper\">\n<div>\n<div>\n<h2>Direc\u00e7\u00f5es<\/h2>\n<p>Situado no cora\u00e7\u00e3o da cidade de Lisboa, na zona do Chiado, em frente ao Teatro Municipal S\u00e3o Luiz e a 50 metros da\u00a0esta\u00e7\u00e3o de metro Baixa\/Chiado.<\/p>\n<h2>Contactos<\/h2>\n<p align=\"left\">NEOPLANO &#8211; Fiscaliza\u00e7\u00e3o de Obras, Lda<\/p>\n<p>Rua Ant\u00f3nio Maria Cardoso, 25 &#8211; 3\u00ba<br \/>\n1200-026\u00a0Lisboa<br \/>\nPortugal<\/p>\n<p>t : +351 213 241 480<br \/>\nf : +351 213 422 356<br \/>\ne :\u00a0<a href=\"mailto:fiscalizacao@neoplano.com\">fiscalizacao@neoplano.com<\/a><br \/>\nw: www.neoplano.com<\/p>\n<\/div>\n<\/div>\n<\/div><\/div> <div class=\"vc_clear\"><\/div> <\/div><\/div> <div class=\"column  wpb_text_column one-third last\"><div class=\"wpb_wrapper\">\n<h2>Formul\u00e1rio de contacto<\/h2>\n<p>[contact-form-7 id=&#8221;28&#8243; title=&#8221;Formulario de Contacto&#8221;]<\/p>\n<\/div><\/div> <div class=\"vc_clear\"><\/div><\/p>\n","protected":false},"excerpt":{"rendered":"","protected":false},"author":1,"featured_media":0,"parent":0,"menu_order":0,"comment_status":"closed","ping_status":"closed","template":"","meta":{"footnotes":""},"class_list":["post-171","page","type-page","status-publish","hentry"],"_links":{"self":[{"href":"https:\/\/neoplano.com\/index.php?rest_route=\/wp\/v2\/pages\/171"}],"collection":[{"href":"https:\/\/neoplano.com\/index.php?rest_route=\/wp\/v2\/pages"}],"about":[{"href":"https:\/\/neoplano.com\/index.php?rest_route=\/wp\/v2\/types\/page"}],"author":[{"embeddable":true,"href":"https:\/\/neoplano.com\/index.php?rest_route=\/wp\/v2\/users\/1"}],"replies":[{"embeddable":true,"href":"https:\/\/neoplano.com\/index.php?rest_route=%2Fwp%2Fv2%2Fcomments&post=171"}],"version-history":[{"count":11,"href":"https:\/\/neoplano.com\/index.php?rest_route=\/wp\/v2\/pages\/171\/revisions"}],"predecessor-version":[{"id":273,"href":"https:\/\/neoplano.com\/index.php?rest_route=\/wp\/v2\/pages\/171\/revisions\/273"}],"wp:attachment":[{"href":"https:\/\/neoplano.com\/index.php?rest_route=%2Fwp%2Fv2%2Fmedia&parent=171"}],"curies":[{"name":"wp","href":"https:\/\/api.w.org\/{rel}","templated":true}]}}